{"id":96,"date":"2023-03-06T14:47:00","date_gmt":"2023-03-06T13:47:00","guid":{"rendered":"https:\/\/sigi-lueer.de\/?page_id=96"},"modified":"2025-04-15T13:30:40","modified_gmt":"2025-04-15T11:30:40","slug":"presse","status":"publish","type":"page","link":"https:\/\/sigi-lueer.de\/?page_id=96","title":{"rendered":"PRESSE"},"content":{"rendered":"\n<p>2025 Allg\u00e4uer Anzeigeblatt: <strong><a href=\"https:\/\/sigi-lueer.de\/wp-content\/uploads\/2025\/04\/2025-04-12_Allgaeuer_Anzeigeblatt_Artikel-002.jpg\" data-type=\"link\" data-id=\"https:\/\/sigi-lueer.de\/wp-content\/uploads\/2025\/04\/2025-04-12_Allgaeuer_Anzeigeblatt_Artikel-002.jpg\">&#8222;Wer will die Kulturszene mitpr\u00e4gen&#8220; <\/a><\/strong><\/p>\n\n\n\n<p>2024_04_22 <a href=\"https:\/\/sigi-lueer.de\/wp-content\/uploads\/2024\/12\/Screenshot_20241209_102654_WhatsApp_edit_1733764096595-scaled.jpg\" data-type=\"link\" data-id=\"https:\/\/sigi-lueer.de\/wp-content\/uploads\/2024\/12\/Screenshot_20241209_102654_WhatsApp_edit_1733764096595-scaled.jpg\" target=\"_blank\" rel=\"noreferrer noopener\">Feedback einer Konzertbesucherin<strong>:  Auftritt Sigi L\u00fcer Liedermacher<\/strong><\/a><\/p>\n\n\n\n<p>2024, Allg\u00e4uer Anzeigeblatt:<a href=\"https:\/\/sigi-lueer.de\/wp-content\/uploads\/2024\/12\/2024_12_17__AZ-Bericht-Konzert-7.12.2024-Kulturwerkstatt.jpg\" data-type=\"link\" data-id=\"https:\/\/sigi-lueer.de\/wp-content\/uploads\/2024\/12\/2024_12_17__AZ-Bericht-Konzert-7.12.2024-Kulturwerkstatt.jpg\" target=\"_blank\" rel=\"noreferrer noopener\"> <strong>Lebensfreude und etwas Melancholie<\/strong><\/a><\/p>\n\n\n\n<p>2024, Allg\u00e4uer Anzeigeblatt:<strong> <a href=\"https:\/\/sigi-lueer.de\/wp-content\/uploads\/2024\/12\/20241210_185359-2.jpg\" data-type=\"link\" data-id=\"https:\/\/sigi-lueer.de\/wp-content\/uploads\/2024\/12\/Ein-Weg-voller-Lieder_1-1.jpg\" target=\"_blank\" rel=\"noreferrer noopener\">Lieder aus dem Leben<\/a><\/strong><\/p>\n\n\n\n<p>2024 Allg\u00e4uer Anzeigeblatt: <a href=\"https:\/\/sigi-lueer.de\/wp-content\/uploads\/2024\/12\/Ein-Weg-voller-Lieder_1-2.jpg\" data-type=\"link\" data-id=\"https:\/\/sigi-lueer.de\/wp-content\/uploads\/2024\/12\/Ein-Weg-voller-Lieder_1-2.jpg\" target=\"_blank\" rel=\"noreferrer noopener\"><strong>Ein Weg voller Lieder<\/strong><\/a><\/p>\n\n\n\n<p>2024, Solo Konzert:<strong> <a href=\"https:\/\/sigi-lueer.de\/wp-content\/uploads\/2024\/12\/Programm-Seite-1-scaled.jpg\" data-type=\"link\" data-id=\"https:\/\/sigi-lueer.de\/wp-content\/uploads\/2024\/12\/Programm-Seite-1-scaled.jpg\" target=\"_blank\" rel=\"noreferrer noopener\">Sigi L\u00fcer Liedermacher<\/a><\/strong>, Altstadthaus Kempten<\/p>\n\n\n\n<p>2023, Allg\u00e4uer Anzeigeblatt:&nbsp;<a href=\"https:\/\/youtu.be\/WUgYkGKndbw\"><strong>\u201eZusatzkonzert&#8220;: Lieder von Reinhard Mey\u201c<\/strong><\/a><\/p>\n\n\n\n<p>2023, Allg\u00e4uer Anzeigeblatt- L\u00fcer &amp; Hecking:&nbsp;<a href=\"https:\/\/sigi-lueer.de\/wp-content\/uploads\/2023\/10\/2023-10-06_Allgaeuer_Anzeigeblatt_Ich_bin_kein_Kopierer_1-002.jpg\"><strong>\u201eIch bin kein Kopierer\u201c<\/strong><\/a><\/p>\n\n\n\n<p>2023, Allg\u00e4uer Anzeigeblatt Anzeige:&nbsp;<a href=\"https:\/\/sigi-lueer.de\/wp-content\/uploads\/2023\/10\/Mitteilung-AZ.jpg\"><strong>L\u00fcer &amp; Hecking \u201eIch wollte wie Orpheus singen\u201c<\/strong><\/a><\/p>\n\n\n\n<p>2023, Allg\u00e4uer Anzeigeblatt:&nbsp;<a href=\"https:\/\/sigi-lueer.de\/wp-content\/uploads\/2023\/07\/20230706_084906.jpg\"><strong>Starke Fraun Starke Stimme<\/strong><\/a><\/p>\n\n\n\n<p>2023, Allg\u00e4uer Anzeigeblatt:&nbsp;<a href=\"https:\/\/sigi-lueer.de\/wp-content\/uploads\/2023\/07\/2023_06_28_Allg.Anz_.Blatt-Aus-der-Not-geboren-scaled.jpg\" target=\"_blank\" rel=\"noreferrer noopener\"><strong>Aus der Not <\/strong><strong>geboren<\/strong><\/a><\/p>\n\n\n\n<p>2023, Kulturwerkstatt Sonthofen:&nbsp;<strong><a href=\"https:\/\/sigi-lueer.de\/wp-content\/uploads\/2023\/03\/1e-519x1024.jpg\" target=\"_blank\" rel=\"noreferrer noopener\">Sigi L\u00fcer \u2013 Singer-Songwriter und J.S. Bunk \u2013 Autor<\/a><\/strong><\/p>\n\n\n\n<p>2023, Facebook:&nbsp;<strong><a href=\"https:\/\/sigi-lueer.de\/wp-content\/uploads\/2023\/03\/2022_04_02_Feddback_Auftritt-999x1024.jpg\" target=\"_blank\" rel=\"noreferrer noopener\">Dankesch\u00f6n<\/a><\/strong><\/p>\n\n\n\n<p>2022, Allg\u00e4uer Anzeigeblatt:&nbsp;<strong><a href=\"https:\/\/sigi-lueer.de\/wp-content\/uploads\/2023\/03\/2022_11_04_Zeitungsartikel_1.jpg\" target=\"_blank\" rel=\"noreferrer noopener\">Licht der Hoffnung<\/a><\/strong><\/p>\n\n\n\n<p>2022, Allg\u00e4uer Anzeigeblatt:&nbsp;<strong><a href=\"https:\/\/sigi-lueer.de\/wp-content\/uploads\/2023\/03\/IMG-20220920-WA0000-661x1024.jpg\" target=\"_blank\" rel=\"noreferrer noopener\">Poesie trifft auf Musik<\/a><\/strong><\/p>\n\n\n\n<p>2022, Allg\u00e4uer Anzeigeblatt:<strong>&nbsp;<a href=\"https:\/\/sigi-lueer.de\/wp-content\/uploads\/2023\/03\/letzte-Version-729x1024.jpg\" target=\"_blank\" rel=\"noreferrer noopener\">F\u00fcr den Frieden<\/a><\/strong><\/p>\n\n\n\n<p>2021, Literaturportal Bayern:&nbsp;<strong><a href=\"https:\/\/www.literaturportal-bayern.de\/autorinnen-autoren?task=lpbauthor.default&amp;pnd=128590236X\" target=\"_blank\" rel=\"noreferrer noopener\">Aufnahme in die Literatur-Datenbank<\/a><\/strong><\/p>\n\n\n\n<p>2021, Allg\u00e4uer Anzeigeblatt:&nbsp;<strong><a href=\"https:\/\/sigi-lueer.de\/wp-content\/uploads\/2023\/03\/07_11_2021-Kulturwerkstatt-CD-Vorstellung_1.jpg\" target=\"_blank\" rel=\"noreferrer noopener\">Bekenntnisse, Sichtweisen, Seitenblicke<\/a><\/strong><\/p>\n\n\n\n<p>2021, Allg\u00e4uer Anzeigeblatt Vorank\u00fcndigung:&nbsp;<strong><a href=\"https:\/\/sigi-lueer.de\/wp-content\/uploads\/2023\/03\/06_11_2021-CD-Ankuendigung-SL-1-1-665x1024.jpg\" target=\"_blank\" rel=\"noreferrer noopener\">Sigi L\u00fcer spielt in Sonthofen<\/a><\/strong><\/p>\n\n\n\n<p>2021, Kulturwerstatt Sonthofen:<strong>&nbsp;<a href=\"https:\/\/sigi-lueer.de\/wp-content\/uploads\/2023\/03\/2021-Ankuendigung-kulturwerkstatt-sonthofen-sigi-lueer-friends--697x1024.jpg\" target=\"_blank\" rel=\"noreferrer noopener\">\u201aKleines Anti-Corona-Depressivem\u2018<\/a><\/strong><\/p>\n\n\n\n<p>2021, Allg\u00e4uer Anzeigeblatt<strong>:&nbsp;<a href=\"https:\/\/sigi-lueer.de\/wp-content\/uploads\/2023\/03\/2021_10_02-Finale-Sonthofer-Kreativsommer-1024x457.jpg\" target=\"_blank\" rel=\"noreferrer noopener\">Wichtiges Podium f\u00fcr K\u00fcnstler und Nachwuchstalente<\/a><\/strong><\/p>\n\n\n\n<p>2021, Allg\u00e4uer Anzeigeblatt:&nbsp;<strong><a href=\"https:\/\/sigi-lueer.de\/wp-content\/uploads\/2023\/03\/2021-bericht-allg.-anzeigen-baltt-dvd-produktion-zu-gunsten-der-kulturwerkstatt-sonthofen-1024x1009.jpg\" target=\"_blank\" rel=\"noreferrer noopener\">Hilfe f\u00fcr den \u201eOlymp des Allg\u00e4us\u201c<\/a><\/strong><\/p>\n\n\n\n<p>2021, Allg\u00e4uer Anzeigenblatt:<strong>&nbsp;<a href=\"https:\/\/sigi-lueer.de\/wp-content\/uploads\/2023\/03\/2021_06_05_Bericht-Sigi-Lueer-Homeland-WA0001-1024x653.jpg\" target=\"_blank\" rel=\"noreferrer noopener\">\u201eHomeland\u201c auf Halde<\/a><\/strong><\/p>\n\n\n\n<p>2020<strong>,&nbsp;<\/strong>Konzert im Hirschstadl vor dem Lockdown:<strong>&nbsp;<a href=\"https:\/\/sigi-lueer.de\/wp-content\/uploads\/2023\/03\/2020-9-urlau-letztes-komzert-vor-der-pandemioe-steffi-waller-mr.-fabulous-sigi-lueer-2-724x1024.jpg\" target=\"_blank\" rel=\"noreferrer noopener\">Wir in Leutkirch<\/a><\/strong><\/p>\n\n\n\n<p>2019, Allg\u00e4uer Anzeigeblatt:<strong>&nbsp;<a href=\"https:\/\/sigi-lueer.de\/wp-content\/uploads\/2023\/03\/2019-Presse-kulturwerkstatt-sonthofen-sigi-aldenhoff-meets-sigi-lueer-445x1024.jpg\" target=\"_blank\" rel=\"noreferrer noopener\">Griff in die Hit-Kiste<\/a><\/strong><\/p>\n\n\n\n<p>2019, Allg\u00e4uer Anzeigenblatt:&nbsp;<strong><a href=\"https:\/\/sigi-lueer.de\/wp-content\/uploads\/2023\/03\/2019-1-ankuendigung-kulturwerkstatt-sonthofen-sigi-lueer-meets-sigi-aldenhoff-az.jpg\" target=\"_blank\" rel=\"noreferrer noopener\">Zwei Liedermacher singen: Sigi Aldenhoff und Sigi L\u00fcer<\/a><\/strong><\/p>\n\n\n\n<p>2019, Kulturwerkstadt Sonthofen:<strong>&nbsp;<a href=\"https:\/\/sigi-lueer.de\/wp-content\/uploads\/2023\/03\/2019-2-ankuendigung-kulturwerkstatt-sonthofen-sigi-lueer-meets-sigi-aldenhoff.jpg\" target=\"_blank\" rel=\"noreferrer noopener\">Sigi L\u00fcer meet\u2019s Sigi Aldenhoff<\/a><\/strong><\/p>\n\n\n\n<p>2018, Kulturwerkstatt Sonthofen:&nbsp;<strong><a href=\"https:\/\/sigi-lueer.de\/wp-content\/uploads\/2023\/03\/2018-6-kulturwerkstatt-sonthofen-blanz-lueer-hecking-musikanten-sind-in-der-stadt-nach-griechenland-gehen-2-727x1024.jpg\" target=\"_blank\" rel=\"noreferrer noopener\">Musikanten sind in der Stadt<\/a><\/strong><\/p>\n\n\n\n<p>2017, Kulturwerkstatt Sonthofen:&nbsp;<a href=\"https:\/\/sigi-lueer.de\/wp-content\/uploads\/2023\/03\/2017-ankuendigung-kulturwerkstatt-sf-lueer-singt-mey-und-mehr-mit-tim-hecking-vol-2-2-632x1024.jpg\" target=\"_blank\" rel=\"noreferrer noopener\">\u201e<strong>L\u00fcer singt Mey &amp; mehr\u201c<\/strong><\/a><\/p>\n\n\n\n<p>2016, Allg\u00e4uer Anzeigeblatt:&nbsp;<a href=\"https:\/\/sigi-lueer.de\/wp-content\/uploads\/2023\/03\/2016-hofmuehle-immenstadt.jpg\" target=\"_blank\" rel=\"noreferrer noopener\"><strong>Allg\u00e4uer Liedermacher<\/strong><strong> singen und spielen zu Gunsten von Fl\u00fcchtlingen<\/strong><\/a><\/p>\n\n\n\n<p>2016, Kreisbote:&nbsp;<a href=\"https:\/\/sigi-lueer.de\/wp-content\/uploads\/2023\/03\/Bericht_Aktuell-555x1024.jpg\" target=\"_blank\" rel=\"noreferrer noopener\"><strong>Benefizkonzert von Allg\u00e4uer Liedermachern<\/strong><\/a><\/p>\n\n\n\n<p>2015, Kulturwerkstatt Sonthofen:&nbsp;<strong><a href=\"https:\/\/sigi-lueer.de\/wp-content\/uploads\/2023\/03\/2015-09-27_ankuendigung-kulturwerkstatt.jpg\" target=\"_blank\" rel=\"noreferrer noopener\">Allg\u00e4uer Liedermacher<\/a><\/strong><\/p>\n\n\n\n<p>22015, Kulturwerkstatt Sonthofen:&nbsp;<strong><a href=\"https:\/\/sigi-lueer.de\/wp-content\/uploads\/2023\/03\/2015-09-27_ankuendigung-kulturwerkstatt.jpg\" target=\"_blank\" rel=\"noreferrer noopener\">Allg\u00e4uer Liedermacher<\/a><\/strong><\/p>\n\n\n\n<p>015, Kulturwerkstatt Sonthofen:&nbsp;<strong><a href=\"https:\/\/sigi-lueer.de\/wp-content\/uploads\/2023\/03\/2015-09-27_ankuendigung-kulturwerkstatt.jpg\" target=\"_blank\" rel=\"noreferrer noopener\">Allg\u00e4uer Liedermacher<\/a><\/strong><\/p>\n\n\n\n<p>2014 Allg\u00e4uer Anzeigeblatt:&nbsp;<strong><a href=\"https:\/\/sigi-lueer.de\/wp-content\/uploads\/2023\/03\/2014-08.22-3-open-air-klostergarten-allgeuer-liedermacher--607x1024.jpg\" target=\"_blank\" rel=\"noreferrer noopener\">Benefizkonzert der Allg\u00e4uer Liedermacher<\/a><\/strong><\/p>\n\n\n\n<p>2014 Allg\u00e4uer Anzeigeblatt:&nbsp;<a href=\"https:\/\/sigi-lueer.de\/wp-content\/uploads\/2023\/03\/2014-08.22-2-bericht-allgaeuer-anzeigenblatt-open-air-klostergarten-allgeuer-liedermacher--616x1024.jpg\" target=\"_blank\" rel=\"noreferrer noopener\"><strong>Ausdauer und Stehverm\u00f6gen bewiesen<\/strong><\/a>,<\/p>\n\n\n\n<p>2014, Allg\u00e4uer Anzeigeblatt Ank\u00fcndigung:&nbsp;<strong><a href=\"https:\/\/sigi-lueer.de\/wp-content\/uploads\/2023\/03\/2014-08.22-1-vorbericht-Allg-az-blatt-open-air-klostergarten-allgeuer-liedermacher-.jpg\" target=\"_blank\" rel=\"noreferrer noopener\">Allg\u00e4uer Liedermacher im Klostergarten<\/a><\/strong>,<\/p>\n\n\n\n<p>2014, Allg\u00e4uer Anzeigeblatt:&nbsp;<a href=\"https:\/\/sigi-lueer.de\/wp-content\/uploads\/2023\/03\/1-2014-bericht-allgaeuer-anzeigenblatt-100-jahrfeier-spd-blaichach.jpg\" target=\"_blank\" rel=\"noreferrer noopener\"><strong>H\u00f6chste SPD-Ehrung f\u00fcr Anke Martin<\/strong><\/a><\/p>\n\n\n\n<p>2007, Allg\u00e4uer Anzeigeblatt: \u201e<a href=\"https:\/\/sigi-lueer.de\/wp-content\/uploads\/2023\/03\/2-Bericht_-wie-soll-das-weiter-gehen-bericht-allgaeueranzeigen-blatt-682x1024.jpg\" target=\"_blank\" rel=\"noreferrer noopener\"><strong>Wie soll das weitergehen?<\/strong><\/a>\u201c<\/p>\n\n\n\n<p>2007, Kulturwerkstatt Sonthofen:&nbsp;<a href=\"https:\/\/sigi-lueer.de\/wp-content\/uploads\/2023\/03\/Lueer-singt-Mey_1.jpg\" target=\"_blank\" rel=\"noreferrer noopener\"><strong>\u201eL\u00fcer singt Mey und mehr!\u201c<\/strong><\/a><\/p>\n","protected":false},"excerpt":{"rendered":"<p>2025 Allg\u00e4uer Anzeigeblatt: &#8222;Wer will die Kulturszene mitpr\u00e4gen&#8220; 2024_04_22 Feedback einer Konzertbesucherin: Auftritt Sigi L\u00fcer Liedermacher 2024, Allg\u00e4uer Anzeigeblatt: Lebensfreude und etwas Melancholie 2024, Allg\u00e4uer Anzeigeblatt: Lieder aus dem Leben &hellip; <\/p>\n<p class=\"link-more\"><a href=\"https:\/\/sigi-lueer.de\/?page_id=96\" class=\"more-link\">Mehr <span class=\"screen-reader-text\">\u00fcber &#8222;PRESSE&#8220; <\/span>Lesen<\/a><\/p>\n","protected":false},"author":1,"featured_media":0,"parent":0,"menu_order":0,"comment_status":"closed","ping_status":"closed","template":"","meta":{"_price":"","_stock":"","_tribe_ticket_header":"","_tribe_default_ticket_provider":"","_tribe_ticket_capacity":"0","_ticket_start_date":"","_ticket_end_date":"","_tribe_ticket_show_description":"","_tribe_ticket_show_not_going":false,"_tribe_ticket_use_global_stock":"","_tribe_ticket_global_stock_level":"","_global_stock_mode":"","_global_stock_cap":"","_tribe_rsvp_for_event":"","_tribe_ticket_going_count":"","_tribe_ticket_not_going_count":"","_tribe_tickets_list":"[]","_tribe_ticket_has_attendee_info_fields":false,"inspiro_hide_title":false,"footnotes":"","_tec_slr_enabled":"","_tec_slr_layout":""},"class_list":["post-96","page","type-page","status-publish","hentry"],"featured_media_urls":[],"ticketed":false,"_links":{"self":[{"href":"https:\/\/sigi-lueer.de\/index.php?rest_route=\/wp\/v2\/pages\/96","targetHints":{"allow":["GET"]}}],"collection":[{"href":"https:\/\/sigi-lueer.de\/index.php?rest_route=\/wp\/v2\/pages"}],"about":[{"href":"https:\/\/sigi-lueer.de\/index.php?rest_route=\/wp\/v2\/types\/page"}],"author":[{"embeddable":true,"href":"https:\/\/sigi-lueer.de\/index.php?rest_route=\/wp\/v2\/users\/1"}],"replies":[{"embeddable":true,"href":"https:\/\/sigi-lueer.de\/index.php?rest_route=%2Fwp%2Fv2%2Fcomments&post=96"}],"version-history":[{"count":130,"href":"https:\/\/sigi-lueer.de\/index.php?rest_route=\/wp\/v2\/pages\/96\/revisions"}],"predecessor-version":[{"id":2091,"href":"https:\/\/sigi-lueer.de\/index.php?rest_route=\/wp\/v2\/pages\/96\/revisions\/2091"}],"wp:attachment":[{"href":"https:\/\/sigi-lueer.de\/index.php?rest_route=%2Fwp%2Fv2%2Fmedia&parent=96"}],"curies":[{"name":"wp","href":"https:\/\/api.w.org\/{rel}","templated":true}]}}